{"id":486,"date":"2022-10-06T12:59:01","date_gmt":"2022-10-06T10:59:01","guid":{"rendered":"https:\/\/pereg.de\/tosi-lumcheck\/"},"modified":"2022-11-03T15:04:17","modified_gmt":"2022-11-03T14:04:17","slug":"tosi-lumcheck","status":"publish","type":"page","link":"https:\/\/pereg.de\/de\/tosi-lumcheck\/","title":{"rendered":"TOSI\u00ae LumCheck"},"content":{"rendered":"<div class=\"wpb-content-wrapper\"><p>[vc_row][vc_column width=&#8220;1\/2&#8243;][vc_single_image image=&#8220;149&#8243; img_size=&#8220;full&#8220; alignment=&#8220;center&#8220; style=&#8220;vc_box_outline&#8220; onclick=&#8220;img_link_large&#8220; img_link_target=&#8220;_blank&#8220; css_animation=&#8220;fadeIn&#8220; image_hovers=&#8220;false&#8220; css=&#8220;.vc_custom_1666268979028{border-radius: 10px !important;}&#8220;][\/vc_column][vc_column width=&#8220;1\/2&#8243;][vc_column_text]<\/p>\n<h2>TOSI\u00ae Lum Check<\/h2>\n<h4>Routinekontrolle und Validierung der Reinigungsleistung von Hohlk\u00f6rperinstrumenten nach EN ISO 15883<\/h4>\n<p>[\/vc_column_text]<div class=\"standard-arrow list-divider bullet-top\"><ul>\n<li>Fertigtest zur Kontrolle der Reinigungsleistung<\/li>\n<li>Testanschmutzung mit Korrelation zu Humanblut<\/li>\n<li>Zerlegbarer Pr\u00fcfk\u00f6rper f\u00fcr die visuelle Kontrolle<\/li>\n<li>Pr\u00fcfk\u00f6rper simuliert ein Hohlk\u00f6rperinstrument<\/li>\n<\/ul>\n<\/div>[\/vc_column][\/vc_row][vc_row][vc_column][vc_column_text]<\/p>\n<h2>2 Wege Hohlk\u00f6rperinstrumente zu reinigen:<\/h2>\n<p>[\/vc_column_text][\/vc_column][\/vc_row][vc_row][vc_column width=&#8220;1\/2&#8243;][vc_column_text]<\/p>\n<h5><strong>1) Aufbereitung von Hohlk\u00f6rperinstrumenten im RDG<\/strong><\/h5>\n<p>Hohlk\u00f6rperinstrumente werden in speziellen Einschubw\u00e4gen im RDG aufbereitet.<\/p>\n<p><strong>Fragestellung?<\/strong><br \/>\nWird Blut vom RDG Reinigungsprozess aus Hohlk\u00f6rpern entfernt?[\/vc_column_text][\/vc_column][vc_column width=&#8220;1\/2&#8243;][vc_column_text]<\/p>\n<h5><strong>2) Aufbereitung von Hohlk\u00f6rperinstrumenten im Ultraschallbad<\/strong><\/h5>\n<p>Hohlk\u00f6rperinstrumente werden in speziellen Ultraschallreinigungsger\u00e4ten aufbereitet<\/p>\n<p><strong>Fragestellung?<\/strong><br \/>\nKann die Ultraschallreinigung Blut sicher aus Hohlk\u00f6rpern entfernen?[\/vc_column_text][\/vc_column][\/vc_row][vc_row][vc_column][vc_separator color=&#8220;custom&#8220; accent_color=&#8220;#1ebbf0&#8243;][\/vc_column][\/vc_row][vc_row gap=&#8220;20&#8243;][vc_column width=&#8220;1\/3&#8243;][vc_single_image image=&#8220;148&#8243; img_size=&#8220;full&#8220; style=&#8220;vc_box_outline_circle&#8220; css_animation=&#8220;fadeInLeft&#8220;][vc_column_text]<\/p>\n<h2>SAUBER<\/h2>\n<p>Gute Reinigungsleistung innerhalb des Lumens. Die Testanschmutzung ist vollst\u00e4ndig entfernt.[\/vc_column_text][\/vc_column][vc_column width=&#8220;1\/3&#8243;][vc_single_image image=&#8220;147&#8243; img_size=&#8220;full&#8220; style=&#8220;vc_box_outline_circle&#8220; css_animation=&#8220;fadeIn&#8220;][vc_column_text]<\/p>\n<h2>FIBRINRESTE<\/h2>\n<p>Fibrinreste sind zur\u00fcckgeblieben. Das Instrument wurde durchsp\u00fchlt aber die Leistung ist zu schwach f\u00fcr die n\u00f6tige Reinigung. Der Prozess mu\u00df optimiert werden.[\/vc_column_text][\/vc_column][vc_column width=&#8220;1\/3&#8243;][vc_single_image image=&#8220;165&#8243; img_size=&#8220;full&#8220; style=&#8220;vc_box_outline_circle&#8220; css_animation=&#8220;fadeInRight&#8220;][vc_column_text]<\/p>\n<h2>H\u00e4moglobin<\/h2>\n<p>Keine Reinigungsleistung innerhalb des Lumens! Korrekten Anschlu\u00df und Durchsp\u00fchlung kontrollieren[\/vc_column_text][\/vc_column][\/vc_row][vc_row][vc_column width=&#8220;1\/2&#8243;][vc_column_text]<\/p>\n<h2>PRODUKTLEITFADEN<\/h2>\n<p>Klicken Sie hier zum Herunterladen:[\/vc_column_text]<div class=\"standard-arrow list-divider bullet-top\"><ul>\n<li><em><a href=\"\/wp-content\/uploads\/IFU-TOSI-LumCheck-E.pdf\" target=\"_blank\" rel=\"noopener noreferrer\">Gebrauchsanweisung<\/a><\/em><\/li>\n<li><em><a href=\"\/wp-content\/uploads\/TSG-TOSI-E.pdf\" target=\"_blank\" rel=\"noopener noreferrer\">Reinigungsoptimierung<\/a><\/em><\/li>\n<\/ul>\n<\/div>[\/vc_column][vc_column width=&#8220;1\/2&#8243;][vc_single_image image=&#8220;180&#8243; img_size=&#8220;full&#8220;][\/vc_column][\/vc_row]<\/p>\n<\/div>","protected":false},"excerpt":{"rendered":"<p>[vc_row][vc_column width=&#8220;1\/2&#8243;][vc_single_image image=&#8220;149&#8243; img_size=&#8220;full&#8220; alignment=&#8220;center&#8220; style=&#8220;vc_box_outline&#8220; onclick=&#8220;img_link_large&#8220; img_link_target=&#8220;_blank&#8220; css_animation=&#8220;fadeIn&#8220; image_hovers=&#8220;false&#8220; css=&#8220;.vc_custom_1666268979028{border-radius: 10px !important;}&#8220;][\/vc_column][vc_column width=&#8220;1\/2&#8243;][vc_column_text] TOSI\u00ae Lum Check Routinekontrolle und Validierung der Reinigungsleistung von Hohlk\u00f6rperinstrumenten nach EN ISO 15883 [\/vc_column_text][\/vc_column][\/vc_row][vc_row][vc_column][vc_column_text] 2 Wege Hohlk\u00f6rperinstrumente zu reinigen: [\/vc_column_text][\/vc_column][\/vc_row][vc_row][vc_column width=&#8220;1\/2&#8243;][vc_column_text] 1) Aufbereitung von Hohlk\u00f6rperinstrumenten im RDG Hohlk\u00f6rperinstrumente werden in speziellen Einschubw\u00e4gen im RDG aufbereitet. Fragestellung? Wird Blut vom RDG&hellip;<\/p>\n","protected":false},"author":1,"featured_media":0,"parent":0,"menu_order":0,"comment_status":"closed","ping_status":"closed","template":"","meta":{"footnotes":""},"class_list":["post-486","page","type-page","status-publish","hentry","description-off"],"_links":{"self":[{"href":"https:\/\/pereg.de\/de\/wp-json\/wp\/v2\/pages\/486","targetHints":{"allow":["GET"]}}],"collection":[{"href":"https:\/\/pereg.de\/de\/wp-json\/wp\/v2\/pages"}],"about":[{"href":"https:\/\/pereg.de\/de\/wp-json\/wp\/v2\/types\/page"}],"author":[{"embeddable":true,"href":"https:\/\/pereg.de\/de\/wp-json\/wp\/v2\/users\/1"}],"replies":[{"embeddable":true,"href":"https:\/\/pereg.de\/de\/wp-json\/wp\/v2\/comments?post=486"}],"version-history":[{"count":5,"href":"https:\/\/pereg.de\/de\/wp-json\/wp\/v2\/pages\/486\/revisions"}],"predecessor-version":[{"id":491,"href":"https:\/\/pereg.de\/de\/wp-json\/wp\/v2\/pages\/486\/revisions\/491"}],"wp:attachment":[{"href":"https:\/\/pereg.de\/de\/wp-json\/wp\/v2\/media?parent=486"}],"curies":[{"name":"wp","href":"https:\/\/api.w.org\/{rel}","templated":true}]}}