{"id":476,"date":"2022-10-20T14:45:04","date_gmt":"2022-10-20T12:45:04","guid":{"rendered":"https:\/\/pereg.de\/tosi-flexicheck\/"},"modified":"2022-11-03T15:09:34","modified_gmt":"2022-11-03T14:09:34","slug":"tosi-flexicheck","status":"publish","type":"page","link":"https:\/\/pereg.de\/de\/tosi-flexicheck\/","title":{"rendered":"TOSI\u00ae FlexiCheck"},"content":{"rendered":"<div class=\"wpb-content-wrapper\"><p>[vc_row][vc_column width=&#8220;1\/2&#8243;][vc_single_image image=&#8220;164&#8243; img_size=&#8220;full&#8220; alignment=&#8220;center&#8220; style=&#8220;vc_box_outline&#8220; onclick=&#8220;img_link_large&#8220; img_link_target=&#8220;_blank&#8220; css_animation=&#8220;fadeIn&#8220; image_hovers=&#8220;false&#8220; css=&#8220;.vc_custom_1666269914371{border-radius: 10px !important;}&#8220;][\/vc_column][vc_column width=&#8220;1\/2&#8243;][vc_column_text]<\/p>\n<h2>TOSI\u00ae-FlexiCheck<\/h2>\n<h4>F\u00fcr Routine\u00fcberpr\u00fcfung und Validierung der Reinigungsleistung.<\/h4>\n<p>[\/vc_column_text]<div class=\"standard-arrow list-divider bullet-top\"><ul>\n<li>Gebrauchsfertiger Test zur \u00dcberpr\u00fcfung der Reinigungsleistung von Endoskopwaschmaschinen<\/li>\n<li>\u2022 Zwei separate Testanschmutzungen um die Abl\u00f6sung von Blut und Polysacchariden zu testen<\/li>\n<li>Sofortiges Ergebnis durch visuelle Kontrolle<\/li>\n<li>FlexiCheck simuliert einen Endoskopkanal<\/li>\n<\/ul>\n<\/div>[\/vc_column][\/vc_row][vc_row][vc_column][vc_separator color=&#8220;custom&#8220; accent_color=&#8220;#1ebbf0&#8243;][\/vc_column][\/vc_row][vc_row][vc_column][vc_column_text]<\/p>\n<h3>Endoskopwaschautomaten m\u00fcssen regelm\u00e4\u00dfig \u00fcberpr\u00fcft werden<\/h3>\n<p>[\/vc_column_text][vc_column_text]Das TOSI-FlexiCheck-System: Kontrolle der Reinigungsleistung von Endoskopwaschautomaten! Das TOSI-FlexiCheck-System: Kontrolle der Reinigungsleistung von Endoskopwaschautomaten! Flexible Endoskope sind meist mit Schleim, aber auch mit Blut kontaminiert.<\/p>\n<p>TOSI-FlexiCheck vereint daher 2 unterschiedliche Anschmutzungen auf einem Pr\u00fcfk\u00f6rper: Einerseits die standardisierte Testanschmutzung mit Korrelation zu Blut und andererseits eine Polysaccharidmischung.<\/p>\n<p>Zur Aufbereitung von Endoskopen werden Waschautomaten mit Einzelkanalanschlu\u00df empfohlen. FlexiCheck wird an dieses System angeschlossen und simuliert einen der Endoskopkan\u00e4le.[\/vc_column_text][vc_separator color=&#8220;custom&#8220; accent_color=&#8220;#1ebbf0&#8243;][vc_column_text]<\/p>\n<h3>AUSWERTUNG<\/h3>\n<p>[\/vc_column_text][\/vc_column][\/vc_row][vc_row gap=&#8220;20&#8243;][vc_column width=&#8220;1\/4&#8243;][vc_single_image image=&#8220;148&#8243; img_size=&#8220;130&#215;130&#8243; style=&#8220;vc_box_outline_circle&#8220; css_animation=&#8220;fadeInLeft&#8220;][vc_column_text]<\/p>\n<h2>SAUBER<\/h2>\n<p>Gute Reinigung[\/vc_column_text][\/vc_column][vc_column width=&#8220;1\/4&#8243;][vc_single_image image=&#8220;162&#8243; img_size=&#8220;130&#215;130&#8243; style=&#8220;vc_box_outline_circle&#8220; css_animation=&#8220;fadeIn&#8220;][vc_column_text]<\/p>\n<h2>Testanschmutzung vollst\u00e4ndig erhalten:<\/h2>\n<p>Blockierte Einzelkanalsp\u00fchlung[\/vc_column_text][\/vc_column][vc_column width=&#8220;1\/4&#8243;][vc_single_image image=&#8220;161&#8243; img_size=&#8220;130&#215;130&#8243; style=&#8220;vc_box_outline_circle&#8220; css_animation=&#8220;fadeInRight&#8220;][vc_column_text]<\/p>\n<h2>Fibrinreste:<\/h2>\n<p>Eingeschr\u00e4nkte Fibrinzersetzung (Reinigungschemie pr\u00fcfen)[\/vc_column_text][\/vc_column][vc_column width=&#8220;1\/4&#8243;][vc_single_image image=&#8220;160&#8243; img_size=&#8220;130&#215;130&#8243; style=&#8220;vc_box_outline_circle&#8220; css_animation=&#8220;fadeInRight&#8220;][vc_column_text]<\/p>\n<h2>Polysaccharidreste:<\/h2>\n<p>Eingeschr\u00e4nkte Sp\u00fclleistung oder schlechte Wasserqualit\u00e4t[\/vc_column_text][\/vc_column][\/vc_row][vc_row][vc_column][vc_separator color=&#8220;custom&#8220; accent_color=&#8220;#1ebbf0&#8243;][\/vc_column][\/vc_row][vc_row][vc_column width=&#8220;1\/2&#8243;][vc_column_text]<\/p>\n<h2>PRODUKTLEITFADEN<\/h2>\n<p>Klicken Sie hier zum Herunterladen:[\/vc_column_text]<div class=\"standard-arrow list-divider bullet-top\"><ul>\n<li><em><a href=\"\/wp-content\/uploads\/IFU-TOSI-FlexiCheck-E.pdf\" target=\"_blank\" rel=\"noopener noreferrer\">Gebrauchsanweisung<\/a><\/em><\/li>\n<li><em><a href=\"\/wp-content\/uploads\/TSG-Flexi-E.pdf\" target=\"_blank\" rel=\"noopener noreferrer\">Reinigungsoptimierung<\/a><\/em><\/li>\n<\/ul>\n<\/div>[\/vc_column][vc_column width=&#8220;1\/2&#8243;][vc_single_image image=&#8220;180&#8243; img_size=&#8220;full&#8220;][\/vc_column][\/vc_row]<\/p>\n<\/div>","protected":false},"excerpt":{"rendered":"<p>[vc_row][vc_column width=&#8220;1\/2&#8243;][vc_single_image image=&#8220;164&#8243; img_size=&#8220;full&#8220; alignment=&#8220;center&#8220; style=&#8220;vc_box_outline&#8220; onclick=&#8220;img_link_large&#8220; img_link_target=&#8220;_blank&#8220; css_animation=&#8220;fadeIn&#8220; image_hovers=&#8220;false&#8220; css=&#8220;.vc_custom_1666269914371{border-radius: 10px !important;}&#8220;][\/vc_column][vc_column width=&#8220;1\/2&#8243;][vc_column_text] TOSI\u00ae-FlexiCheck F\u00fcr Routine\u00fcberpr\u00fcfung und Validierung der Reinigungsleistung. [\/vc_column_text][\/vc_column][\/vc_row][vc_row][vc_column][vc_separator color=&#8220;custom&#8220; accent_color=&#8220;#1ebbf0&#8243;][\/vc_column][\/vc_row][vc_row][vc_column][vc_column_text] Endoskopwaschautomaten m\u00fcssen regelm\u00e4\u00dfig \u00fcberpr\u00fcft werden [\/vc_column_text][vc_column_text]Das TOSI-FlexiCheck-System: Kontrolle der Reinigungsleistung von Endoskopwaschautomaten! Das TOSI-FlexiCheck-System: Kontrolle der Reinigungsleistung von Endoskopwaschautomaten! Flexible Endoskope sind meist mit Schleim, aber auch mit Blut kontaminiert. TOSI-FlexiCheck&hellip;<\/p>\n","protected":false},"author":1,"featured_media":0,"parent":0,"menu_order":0,"comment_status":"closed","ping_status":"closed","template":"","meta":{"footnotes":""},"class_list":["post-476","page","type-page","status-publish","hentry","description-off"],"_links":{"self":[{"href":"https:\/\/pereg.de\/de\/wp-json\/wp\/v2\/pages\/476","targetHints":{"allow":["GET"]}}],"collection":[{"href":"https:\/\/pereg.de\/de\/wp-json\/wp\/v2\/pages"}],"about":[{"href":"https:\/\/pereg.de\/de\/wp-json\/wp\/v2\/types\/page"}],"author":[{"embeddable":true,"href":"https:\/\/pereg.de\/de\/wp-json\/wp\/v2\/users\/1"}],"replies":[{"embeddable":true,"href":"https:\/\/pereg.de\/de\/wp-json\/wp\/v2\/comments?post=476"}],"version-history":[{"count":8,"href":"https:\/\/pereg.de\/de\/wp-json\/wp\/v2\/pages\/476\/revisions"}],"predecessor-version":[{"id":494,"href":"https:\/\/pereg.de\/de\/wp-json\/wp\/v2\/pages\/476\/revisions\/494"}],"wp:attachment":[{"href":"https:\/\/pereg.de\/de\/wp-json\/wp\/v2\/media?parent=476"}],"curies":[{"name":"wp","href":"https:\/\/api.w.org\/{rel}","templated":true}]}}