{"id":470,"date":"2022-10-20T14:34:02","date_gmt":"2022-10-20T12:34:02","guid":{"rendered":"https:\/\/pereg.de\/tosi\/"},"modified":"2022-11-03T13:11:21","modified_gmt":"2022-11-03T12:11:21","slug":"tosi","status":"publish","type":"page","link":"https:\/\/pereg.de\/de\/tosi\/","title":{"rendered":"TOSI\u00ae"},"content":{"rendered":"<div class=\"wpb-content-wrapper\"><p>[vc_row][vc_column width=&#8220;1\/2&#8243;][vc_single_image image=&#8220;166&#8243; img_size=&#8220;full&#8220; alignment=&#8220;center&#8220; style=&#8220;vc_box_outline&#8220; onclick=&#8220;img_link_large&#8220; img_link_target=&#8220;_blank&#8220; css_animation=&#8220;fadeIn&#8220; image_hovers=&#8220;false&#8220; css=&#8220;.vc_custom_1665056686147{border-radius: 10px !important;}&#8220;][\/vc_column][vc_column width=&#8220;1\/2&#8243;][vc_column_text]<\/p>\n<h2>TOSI\u00ae<\/h2>\n<h3><strong>Routinekontrolle und Validierung der Reinigungsleistung von RDG\u00b4s nach EN ISO 15883.<\/strong><\/h3>\n<p>[\/vc_column_text]<div class=\"standard-arrow list-divider bullet-top\"><ul>\n<li>Gebrauchsfertiger Test f\u00fcr eine reproduzierbare Pr\u00fcfung<\/li>\n<li>Benutzerfreundlich und zum einmaligen Gebrauch<\/li>\n<li>Testanschmutzung mit Korrelation zu Humanblut<\/li>\n<li>Visuelles Ergebnis durch transparente Abdeckung<\/li>\n<li>Spalt simuliert Gelenke chirurgischer Instrumente<\/li>\n<li>Clips f\u00fcr eine schnelle und reproduzierbare Befestigung<\/li>\n<\/ul>\n<\/div>[\/vc_column][\/vc_row][vc_row][vc_column][vc_column_text]<\/p>\n<h2>ANWENDUNG<\/h2>\n<p>TOSI Testobjekte simulieren kontaminierte Instrumente. Die Anschmutzung verh\u00e4lt sich praxisgerecht. Kann ein Reinigungsprozess den TOSI nicht vollst\u00e4ndig reinigen, ist dieser nicht effektiv genug um auch Blut v\u00f6llig zu entfernen![\/vc_column_text][\/vc_column][\/vc_row][vc_row][vc_column][vc_separator color=&#8220;custom&#8220; accent_color=&#8220;#1ebbf0&#8243;][\/vc_column][\/vc_row][vc_row][vc_column][vc_column_text]<\/p>\n<h2>AUSWERTUNG<\/h2>\n<p>TOSI zeigt nicht nur ein Ja\/Nein Ergebnis f\u00fcr die Reinigungsleistung an. Im Falle von Reinigungsproblemen erh\u00e4lt man auch R\u00fcckschl\u00fcsse auf m\u00f6gliche Ursachen:[\/vc_column_text][\/vc_column][\/vc_row][vc_row gap=&#8220;20&#8243;][vc_column width=&#8220;1\/3&#8243;][vc_single_image image=&#8220;152&#8243; img_size=&#8220;full&#8220; style=&#8220;vc_box_outline_circle&#8220; css_animation=&#8220;fadeInLeft&#8220;][vc_column_text]<\/p>\n<h2>SAUBER:<\/h2>\n<p>Gute Reinigungsleistung[\/vc_column_text][\/vc_column][vc_column width=&#8220;1\/3&#8243;][vc_single_image image=&#8220;151&#8243; img_size=&#8220;full&#8220; style=&#8220;vc_box_outline_circle&#8220; css_animation=&#8220;fadeIn&#8220;][vc_column_text]<\/p>\n<h2>FIBRINRESTE:<\/h2>\n<p>Geringe Reinigungschemie[\/vc_column_text][\/vc_column][vc_column width=&#8220;1\/3&#8243;][vc_single_image image=&#8220;150&#8243; img_size=&#8220;full&#8220; style=&#8220;vc_box_outline_circle&#8220; css_animation=&#8220;fadeInRight&#8220;][vc_column_text]<\/p>\n<h2>H\u00c4MOGLOBIN:<\/h2>\n<p>Geringe Mechanik[\/vc_column_text][\/vc_column][\/vc_row][vc_row][vc_column][vc_column_text]<em>Info: Verunreinigte Instrumente sind ein Hygienerisiko und d\u00fcrfen nicht benutzt werden. Instrumente m\u00fcssen frei von jeglicher Anschmutzung sein!<\/em>:[\/vc_column_text][\/vc_column][\/vc_row][vc_row][vc_column][vc_separator color=&#8220;custom&#8220; accent_color=&#8220;#1ebbf0&#8243;][\/vc_column][\/vc_row][vc_row][vc_column width=&#8220;1\/2&#8243;][vc_column_text]<\/p>\n<h2>PRODUKTLEITFADEN<\/h2>\n<p>Klicken Sie hier zum Herunterladen:[\/vc_column_text]<div class=\"standard-arrow list-divider bullet-top\"><ul>\n<li><em><a href=\"\/wp-content\/uploads\/IFU-TOSI-E.pdf\" target=\"_blank\" rel=\"noopener\">Gebrauchsanweisung<\/a><\/em><\/li>\n<li><em><a href=\"\/wp-content\/uploads\/TSG-TOSI-E.pdf\" target=\"_blank\" rel=\"noopener\">Reinigungsoptimierung<\/a><\/em><\/li>\n<\/ul>\n<\/div>[\/vc_column][vc_column width=&#8220;1\/2&#8243;][vc_single_image image=&#8220;180&#8243; img_size=&#8220;full&#8220;][\/vc_column][\/vc_row]<\/p>\n<\/div>","protected":false},"excerpt":{"rendered":"<p>[vc_row][vc_column width=&#8220;1\/2&#8243;][vc_single_image image=&#8220;166&#8243; img_size=&#8220;full&#8220; alignment=&#8220;center&#8220; style=&#8220;vc_box_outline&#8220; onclick=&#8220;img_link_large&#8220; img_link_target=&#8220;_blank&#8220; css_animation=&#8220;fadeIn&#8220; image_hovers=&#8220;false&#8220; css=&#8220;.vc_custom_1665056686147{border-radius: 10px !important;}&#8220;][\/vc_column][vc_column width=&#8220;1\/2&#8243;][vc_column_text] TOSI\u00ae Routinekontrolle und Validierung der Reinigungsleistung von RDG\u00b4s nach EN ISO 15883. [\/vc_column_text][\/vc_column][\/vc_row][vc_row][vc_column][vc_column_text] ANWENDUNG TOSI Testobjekte simulieren kontaminierte Instrumente. Die Anschmutzung verh\u00e4lt sich praxisgerecht. Kann ein Reinigungsprozess den TOSI nicht vollst\u00e4ndig reinigen, ist dieser nicht effektiv genug um auch Blut v\u00f6llig&hellip;<\/p>\n","protected":false},"author":1,"featured_media":0,"parent":0,"menu_order":0,"comment_status":"closed","ping_status":"closed","template":"","meta":{"footnotes":""},"class_list":["post-470","page","type-page","status-publish","hentry","description-off"],"_links":{"self":[{"href":"https:\/\/pereg.de\/de\/wp-json\/wp\/v2\/pages\/470","targetHints":{"allow":["GET"]}}],"collection":[{"href":"https:\/\/pereg.de\/de\/wp-json\/wp\/v2\/pages"}],"about":[{"href":"https:\/\/pereg.de\/de\/wp-json\/wp\/v2\/types\/page"}],"author":[{"embeddable":true,"href":"https:\/\/pereg.de\/de\/wp-json\/wp\/v2\/users\/1"}],"replies":[{"embeddable":true,"href":"https:\/\/pereg.de\/de\/wp-json\/wp\/v2\/comments?post=470"}],"version-history":[{"count":5,"href":"https:\/\/pereg.de\/de\/wp-json\/wp\/v2\/pages\/470\/revisions"}],"predecessor-version":[{"id":475,"href":"https:\/\/pereg.de\/de\/wp-json\/wp\/v2\/pages\/470\/revisions\/475"}],"wp:attachment":[{"href":"https:\/\/pereg.de\/de\/wp-json\/wp\/v2\/media?parent=470"}],"curies":[{"name":"wp","href":"https:\/\/api.w.org\/{rel}","templated":true}]}}