{"id":464,"date":"2022-10-24T13:04:12","date_gmt":"2022-10-24T11:04:12","guid":{"rendered":"https:\/\/pereg.de\/sonocheck\/"},"modified":"2022-11-03T15:08:18","modified_gmt":"2022-11-03T14:08:18","slug":"sonocheck","status":"publish","type":"page","link":"https:\/\/pereg.de\/de\/sonocheck\/","title":{"rendered":"SonoCheck"},"content":{"rendered":"<div class=\"wpb-content-wrapper\"><p>[vc_row][vc_column width=&#8220;1\/2&#8243;][vc_single_image image=&#8220;157&#8243; img_size=&#8220;full&#8220; alignment=&#8220;center&#8220; style=&#8220;vc_box_outline&#8220; onclick=&#8220;img_link_large&#8220; img_link_target=&#8220;_blank&#8220; css_animation=&#8220;fadeIn&#8220; image_hovers=&#8220;false&#8220; css=&#8220;.vc_custom_1666609349244{border-radius: 10px !important;}&#8220;][\/vc_column][vc_column width=&#8220;1\/2&#8243;][vc_column_text]<\/p>\n<h2>SonoCheck<\/h2>\n<h4>\u00dcberpr\u00fcfung der Ultraschallenergie bei der Aufbereitung von chirurgischen Instrumenten. F\u00fcr Routine\u00fcberpr\u00fcfung und Validierung gem\u00e4\u00df Medizinproduktegesetz<\/h4>\n<p>[\/vc_column_text]<div class=\"standard-arrow list-divider bullet-top\"><ul>\n<li>\u00dcberpr\u00fcfung der Ultraschallenergie<\/li>\n<li>Gebrauchsfertiger Test mit sofortigem Ergebnis<\/li>\n<li>Farbwechsel von Gr\u00fcn nach Gelb<\/li>\n<li>Einfacher Gebrauch (Einmalprodukt)<\/li>\n<\/ul>\n<\/div>[\/vc_column][\/vc_row][vc_row][vc_column][vc_separator color=&#8220;custom&#8220; accent_color=&#8220;#1ebbf0&#8243;][vc_column_text]<\/p>\n<h3>FUNKTION<\/h3>\n<p>[\/vc_column_text][vc_column_text]Der Reinigungseffekt im Ultraschallbad basiert auf Kavitation. Der Farbwechsel von SonoCheck wird durch eine durch Kavitation ausgel\u00f6ste Reaktion herbeigef\u00fchrt.[\/vc_column_text][vc_separator color=&#8220;custom&#8220; accent_color=&#8220;#1ebbf0&#8243;][vc_column_text]<\/p>\n<h3>ANWENDUNG<\/h3>\n<p>[\/vc_column_text][vc_column_text]SonoCheck zeigt die Ultraschallenergie w\u00e4hrend der Instrumentenreinigung an. Daneben kann im Funktionstest auch die Leistung der einzelnen Schwinger \u00fcberpr\u00fcft werden.[\/vc_column_text][vc_separator color=&#8220;custom&#8220; accent_color=&#8220;#1ebbf0&#8243;][vc_column_text]<\/p>\n<h3>AUSWERTUNG<\/h3>\n<p>[\/vc_column_text][vc_column_text]Ein Farbwechsel w\u00e4hrend der Aufbereitung zeigt ausreichende Ultraschallenergie an. Ein zu langsamer Farbwechsel zeigt mangelhafte Energie, beispielsweise durch Probleme mit Beladung, F\u00fcllh\u00f6he oder Entgasung an.<\/p>\n<p>Fehlende Ultraschallenergie wird durch keinen Farbwechsel angezeigt.[\/vc_column_text][vc_separator color=&#8220;custom&#8220; accent_color=&#8220;#1ebbf0&#8243;][\/vc_column][\/vc_row][vc_row][vc_column width=&#8220;1\/2&#8243;][vc_column_text]<\/p>\n<h2>PRODUKTLEITFADEN<\/h2>\n<p>Klicken Sie hier zum Herunterladen:[\/vc_column_text]<div class=\"standard-arrow list-divider bullet-top\"><ul>\n<li><em><a href=\"\/wp-content\/uploads\/IFU-SonoCheck-E.pdf\" target=\"_blank\" rel=\"noopener\">Gebrauchsanweisung<\/a><br \/>\n<\/em><\/li>\n<li><em><a href=\"\/wp-content\/uploads\/TSG-SonoCheck-E.pdf\" target=\"_blank\" rel=\"noopener\">Reinigungsoptimierung<\/a><\/em><\/li>\n<\/ul>\n<\/div>[\/vc_column][vc_column width=&#8220;1\/2&#8243;][vc_single_image image=&#8220;225&#8243; img_size=&#8220;full&#8220;][\/vc_column][\/vc_row]<\/p>\n<\/div>","protected":false},"excerpt":{"rendered":"<p>[vc_row][vc_column width=&#8220;1\/2&#8243;][vc_single_image image=&#8220;157&#8243; img_size=&#8220;full&#8220; alignment=&#8220;center&#8220; style=&#8220;vc_box_outline&#8220; onclick=&#8220;img_link_large&#8220; img_link_target=&#8220;_blank&#8220; css_animation=&#8220;fadeIn&#8220; image_hovers=&#8220;false&#8220; css=&#8220;.vc_custom_1666609349244{border-radius: 10px !important;}&#8220;][\/vc_column][vc_column width=&#8220;1\/2&#8243;][vc_column_text] SonoCheck \u00dcberpr\u00fcfung der Ultraschallenergie bei der Aufbereitung von chirurgischen Instrumenten. F\u00fcr Routine\u00fcberpr\u00fcfung und Validierung gem\u00e4\u00df Medizinproduktegesetz [\/vc_column_text][\/vc_column][\/vc_row][vc_row][vc_column][vc_separator color=&#8220;custom&#8220; accent_color=&#8220;#1ebbf0&#8243;][vc_column_text] FUNKTION [\/vc_column_text][vc_column_text]Der Reinigungseffekt im Ultraschallbad basiert auf Kavitation. Der Farbwechsel von SonoCheck wird durch eine durch Kavitation ausgel\u00f6ste Reaktion herbeigef\u00fchrt.[\/vc_column_text][vc_separator color=&#8220;custom&#8220; accent_color=&#8220;#1ebbf0&#8243;][vc_column_text]&hellip;<\/p>\n","protected":false},"author":1,"featured_media":0,"parent":0,"menu_order":0,"comment_status":"closed","ping_status":"closed","template":"","meta":{"footnotes":""},"class_list":["post-464","page","type-page","status-publish","hentry","description-off"],"_links":{"self":[{"href":"https:\/\/pereg.de\/de\/wp-json\/wp\/v2\/pages\/464","targetHints":{"allow":["GET"]}}],"collection":[{"href":"https:\/\/pereg.de\/de\/wp-json\/wp\/v2\/pages"}],"about":[{"href":"https:\/\/pereg.de\/de\/wp-json\/wp\/v2\/types\/page"}],"author":[{"embeddable":true,"href":"https:\/\/pereg.de\/de\/wp-json\/wp\/v2\/users\/1"}],"replies":[{"embeddable":true,"href":"https:\/\/pereg.de\/de\/wp-json\/wp\/v2\/comments?post=464"}],"version-history":[{"count":6,"href":"https:\/\/pereg.de\/de\/wp-json\/wp\/v2\/pages\/464\/revisions"}],"predecessor-version":[{"id":493,"href":"https:\/\/pereg.de\/de\/wp-json\/wp\/v2\/pages\/464\/revisions\/493"}],"wp:attachment":[{"href":"https:\/\/pereg.de\/de\/wp-json\/wp\/v2\/media?parent=464"}],"curies":[{"name":"wp","href":"https:\/\/api.w.org\/{rel}","templated":true}]}}