{"id":458,"date":"2022-10-24T13:37:47","date_gmt":"2022-10-24T11:37:47","guid":{"rendered":"https:\/\/pereg.de\/pyromol-test\/"},"modified":"2022-11-03T12:48:48","modified_gmt":"2022-11-03T11:48:48","slug":"pyromol-test","status":"publish","type":"page","link":"https:\/\/pereg.de\/de\/pyromol-test\/","title":{"rendered":"Pyromol-Test"},"content":{"rendered":"<div class=\"wpb-content-wrapper\"><p>[vc_row][vc_column width=&#8220;1\/2&#8243;][vc_single_image image=&#8220;155&#8243; img_size=&#8220;full&#8220; alignment=&#8220;center&#8220; style=&#8220;vc_box_outline&#8220; onclick=&#8220;img_link_large&#8220; img_link_target=&#8220;_blank&#8220; css_animation=&#8220;fadeIn&#8220; image_hovers=&#8220;false&#8220; css=&#8220;.vc_custom_1666611417301{border-radius: 10px !important;}&#8220;][\/vc_column][vc_column width=&#8220;1\/2&#8243;][vc_column_text]<\/p>\n<h2>Pyromol-Test<\/h2>\n<h4><b>Nachweis von Proteinr\u00fcckst\u00e4nden auf Instrumenten und Oberfl\u00e4chen.<br \/>\n<\/b><\/h4>\n<h4><b>F\u00fcr Routinepr\u00fcfung und Validierung der Reinigungsleistung.<\/b><\/h4>\n<p>[\/vc_column_text]<div class=\"standard-arrow list-divider bullet-top\"><ul>\n<li>Einfach zu handhabender Fertigtest<\/li>\n<li>Weist Proteinreste auf Oberfl\u00e4chen und Instrumenten nach<\/li>\n<li>Schnelle Blauf\u00e4rbung ab 1 \u00b5g Protein<\/li>\n<li>Keine Fehlinterpretation durch Glutaraldehyd oder Peressigs\u00e4ure<\/li>\n<\/ul>\n<\/div>[\/vc_column][\/vc_row][vc_row][vc_column][vc_separator color=&#8220;custom&#8220; accent_color=&#8220;#1ebbf0&#8243;][vc_column_text]<\/p>\n<h3>FUNKTION<\/h3>\n<p>[\/vc_column_text][vc_column_text]Pyromol-Test basiert auf einem Farbstofftest, der auch in der klinischen Chemie verwendet wird.<\/p>\n<p>Blut enth\u00e4lt gro\u00dfe Mengen an Proteinen, die in geringen Mengen nachgewiesen werden k\u00f6nnen.[\/vc_column_text][vc_separator color=&#8220;custom&#8220; accent_color=&#8220;#1ebbf0&#8243;][vc_column_text]<\/p>\n<h3>ANWENDUNG<\/h3>\n<p>[\/vc_column_text][vc_column_text]Pyromol-Test wird verwendet, wenn HemoCheck-S nicht angewandt werden kann.<\/p>\n<p>Beispiel: Eine andere Proteinquelle als Blut.[\/vc_column_text][vc_separator color=&#8220;custom&#8220; accent_color=&#8220;#1ebbf0&#8243;][vc_column_text]<\/p>\n<h3>AUSWERTUNG<\/h3>\n<p>[\/vc_column_text][vc_column_text]Ein blauer Punkt auf dem St\u00e4bchen weist Proteinr\u00fcckst\u00e4nde an der gepr\u00fcften Oberfl\u00e4che nach.<\/p>\n<p><em>INFO: Verunreinigte Instrumente sind ein Hygienerisiko und d\u00fcrfen nicht benutzt werden. Instrumente m\u00fcssen frei von jeglicher Anschmutzung sein!<\/em>[\/vc_column_text][vc_separator color=&#8220;custom&#8220; accent_color=&#8220;#1ebbf0&#8243;][\/vc_column][\/vc_row][vc_row][vc_column width=&#8220;1\/2&#8243;][vc_column_text]<\/p>\n<h2>PRODUKTLEITFADEN<\/h2>\n<p>Klicken Sie hier zum Herunterladen:[\/vc_column_text]<div class=\"standard-arrow list-divider bullet-top\"><ul>\n<li><em><a href=\"\/wp-content\/uploads\/IFU-Pyromol-Test-E.pdf\" target=\"_blank\" rel=\"noopener noreferrer\">Gebrauchsanweisung<\/a><\/em><\/li>\n<\/ul>\n<\/div>[\/vc_column][vc_column width=&#8220;1\/2&#8243;][vc_single_image image=&#8220;225&#8243; img_size=&#8220;full&#8220;][\/vc_column][\/vc_row]<\/p>\n<\/div>","protected":false},"excerpt":{"rendered":"<p>[vc_row][vc_column width=&#8220;1\/2&#8243;][vc_single_image image=&#8220;155&#8243; img_size=&#8220;full&#8220; alignment=&#8220;center&#8220; style=&#8220;vc_box_outline&#8220; onclick=&#8220;img_link_large&#8220; img_link_target=&#8220;_blank&#8220; css_animation=&#8220;fadeIn&#8220; image_hovers=&#8220;false&#8220; css=&#8220;.vc_custom_1666611417301{border-radius: 10px !important;}&#8220;][\/vc_column][vc_column width=&#8220;1\/2&#8243;][vc_column_text] Pyromol-Test Nachweis von Proteinr\u00fcckst\u00e4nden auf Instrumenten und Oberfl\u00e4chen. F\u00fcr Routinepr\u00fcfung und Validierung der Reinigungsleistung. [\/vc_column_text][\/vc_column][\/vc_row][vc_row][vc_column][vc_separator color=&#8220;custom&#8220; accent_color=&#8220;#1ebbf0&#8243;][vc_column_text] FUNKTION [\/vc_column_text][vc_column_text]Pyromol-Test basiert auf einem Farbstofftest, der auch in der klinischen Chemie verwendet wird. Blut enth\u00e4lt gro\u00dfe Mengen an Proteinen, die in geringen Mengen&hellip;<\/p>\n","protected":false},"author":1,"featured_media":0,"parent":0,"menu_order":0,"comment_status":"closed","ping_status":"closed","template":"","meta":{"footnotes":""},"class_list":["post-458","page","type-page","status-publish","hentry","description-off"],"_links":{"self":[{"href":"https:\/\/pereg.de\/de\/wp-json\/wp\/v2\/pages\/458","targetHints":{"allow":["GET"]}}],"collection":[{"href":"https:\/\/pereg.de\/de\/wp-json\/wp\/v2\/pages"}],"about":[{"href":"https:\/\/pereg.de\/de\/wp-json\/wp\/v2\/types\/page"}],"author":[{"embeddable":true,"href":"https:\/\/pereg.de\/de\/wp-json\/wp\/v2\/users\/1"}],"replies":[{"embeddable":true,"href":"https:\/\/pereg.de\/de\/wp-json\/wp\/v2\/comments?post=458"}],"version-history":[{"count":5,"href":"https:\/\/pereg.de\/de\/wp-json\/wp\/v2\/pages\/458\/revisions"}],"predecessor-version":[{"id":463,"href":"https:\/\/pereg.de\/de\/wp-json\/wp\/v2\/pages\/458\/revisions\/463"}],"wp:attachment":[{"href":"https:\/\/pereg.de\/de\/wp-json\/wp\/v2\/media?parent=458"}],"curies":[{"name":"wp","href":"https:\/\/api.w.org\/{rel}","templated":true}]}}