{"id":452,"date":"2022-10-24T14:19:57","date_gmt":"2022-10-24T12:19:57","guid":{"rendered":"https:\/\/pereg.de\/pyromol-e\/"},"modified":"2022-11-03T12:43:55","modified_gmt":"2022-11-03T11:43:55","slug":"pyromol-e","status":"publish","type":"page","link":"https:\/\/pereg.de\/de\/pyromol-e\/","title":{"rendered":"Pyromol-E"},"content":{"rendered":"<div class=\"wpb-content-wrapper\"><p>[vc_row][vc_column width=&#8220;1\/2&#8243;][vc_single_image image=&#8220;154&#8243; img_size=&#8220;full&#8220; alignment=&#8220;center&#8220; style=&#8220;vc_box_outline&#8220; onclick=&#8220;img_link_large&#8220; img_link_target=&#8220;_blank&#8220; css_animation=&#8220;fadeIn&#8220; image_hovers=&#8220;false&#8220; css=&#8220;.vc_custom_1666614031488{border-radius: 10px !important;}&#8220;][\/vc_column][vc_column width=&#8220;1\/2&#8243;][vc_column_text]<\/p>\n<h2>Pyromol-E<\/h2>\n<h4><b>Nachweis von Proteinresten in Endoskopkan\u00e4len.<br \/>\n<\/b><\/h4>\n<h4><b>F\u00fcr Routinepr\u00fcfung und Validierung der Reinigungsleistung.<\/b><\/h4>\n<p>[\/vc_column_text]<div class=\"standard-arrow list-divider bullet-top\"><ul>\n<li>Schneller Nachweis unl\u00f6slicher Proteinr\u00fcckst\u00e4nde<\/li>\n<li>Blauf\u00e4rbung bedeutet eine Kontamination im getesteten Kanal<\/li>\n<li>Nachweisgrenze von 1 \u00b5g durch einen Protein-Farbstoffkomplex<\/li>\n<li>Keine St\u00f6rung durch Glutaraldehyd oder Peressigs\u00e4ure<\/li>\n<\/ul>\n<\/div>[\/vc_column][\/vc_row][vc_row][vc_column][vc_separator color=&#8220;custom&#8220; accent_color=&#8220;#1ebbf0&#8243;][vc_column_text]<\/p>\n<h3>FUNKTION<\/h3>\n<p>[\/vc_column_text][vc_column_text]Pyromol-Test basiert auf einem Farbstofftest, der auch in der klinischen Chemie als Messmethode von Proteinen verwendet wird.<\/p>\n<p>Verunreinigungen im Endoskop enthalten Proteine, die schon in geringen Mengen nachgewiesen werden k\u00f6nnen.[\/vc_column_text][vc_separator color=&#8220;custom&#8220; accent_color=&#8220;#1ebbf0&#8243;][vc_column_text]<\/p>\n<h3>ANWENDUNG<\/h3>\n<p>[\/vc_column_text][vc_column_text]Pyromol-E weist Proteinr\u00fcckst\u00e4nde nach einer manuellen oder maschinellen Aufbereitung nach.[\/vc_column_text][vc_separator color=&#8220;custom&#8220; accent_color=&#8220;#1ebbf0&#8243;][vc_column_text]<\/p>\n<h3>AUSWERTUNG<\/h3>\n<p>[\/vc_column_text][vc_column_text]Eine blaue Verf\u00e4rbung an der Testb\u00fcrste zeigt Proteine im Kanal an.<\/p>\n<p><em>INFO: Verunreinigte Instrumente sind ein Hygienerisiko und d\u00fcrfen nicht benutzt werden. Instrumente m\u00fcssen frei von jeglicher Anschmutzung sein!<\/em>[\/vc_column_text][vc_separator color=&#8220;custom&#8220; accent_color=&#8220;#1ebbf0&#8243;][\/vc_column][\/vc_row][vc_row][vc_column width=&#8220;1\/2&#8243;][vc_column_text]<\/p>\n<h2>PRODUKTLEITFADEN<\/h2>\n<p>Klicken Sie hier zum Herunterladen:[\/vc_column_text]<div class=\"standard-arrow list-divider bullet-top\"><ul>\n<li><em><a href=\"\/wp-content\/uploads\/IFU-Pyromol-E-E.pdf\" target=\"_blank\" rel=\"noopener noreferrer\">Gebrauchsanweisung<\/a><\/em><\/li>\n<\/ul>\n<\/div>[\/vc_column][vc_column width=&#8220;1\/2&#8243;][vc_single_image image=&#8220;225&#8243; img_size=&#8220;full&#8220;][\/vc_column][\/vc_row]<\/p>\n<\/div>","protected":false},"excerpt":{"rendered":"<p>[vc_row][vc_column width=&#8220;1\/2&#8243;][vc_single_image image=&#8220;154&#8243; img_size=&#8220;full&#8220; alignment=&#8220;center&#8220; style=&#8220;vc_box_outline&#8220; onclick=&#8220;img_link_large&#8220; img_link_target=&#8220;_blank&#8220; css_animation=&#8220;fadeIn&#8220; image_hovers=&#8220;false&#8220; css=&#8220;.vc_custom_1666614031488{border-radius: 10px !important;}&#8220;][\/vc_column][vc_column width=&#8220;1\/2&#8243;][vc_column_text] Pyromol-E Nachweis von Proteinresten in Endoskopkan\u00e4len. F\u00fcr Routinepr\u00fcfung und Validierung der Reinigungsleistung. [\/vc_column_text][\/vc_column][\/vc_row][vc_row][vc_column][vc_separator color=&#8220;custom&#8220; accent_color=&#8220;#1ebbf0&#8243;][vc_column_text] FUNKTION [\/vc_column_text][vc_column_text]Pyromol-Test basiert auf einem Farbstofftest, der auch in der klinischen Chemie als Messmethode von Proteinen verwendet wird. Verunreinigungen im Endoskop enthalten Proteine, die schon in&hellip;<\/p>\n","protected":false},"author":1,"featured_media":0,"parent":0,"menu_order":0,"comment_status":"closed","ping_status":"closed","template":"","meta":{"footnotes":""},"class_list":["post-452","page","type-page","status-publish","hentry","description-off"],"_links":{"self":[{"href":"https:\/\/pereg.de\/de\/wp-json\/wp\/v2\/pages\/452","targetHints":{"allow":["GET"]}}],"collection":[{"href":"https:\/\/pereg.de\/de\/wp-json\/wp\/v2\/pages"}],"about":[{"href":"https:\/\/pereg.de\/de\/wp-json\/wp\/v2\/types\/page"}],"author":[{"embeddable":true,"href":"https:\/\/pereg.de\/de\/wp-json\/wp\/v2\/users\/1"}],"replies":[{"embeddable":true,"href":"https:\/\/pereg.de\/de\/wp-json\/wp\/v2\/comments?post=452"}],"version-history":[{"count":5,"href":"https:\/\/pereg.de\/de\/wp-json\/wp\/v2\/pages\/452\/revisions"}],"predecessor-version":[{"id":457,"href":"https:\/\/pereg.de\/de\/wp-json\/wp\/v2\/pages\/452\/revisions\/457"}],"wp:attachment":[{"href":"https:\/\/pereg.de\/de\/wp-json\/wp\/v2\/media?parent=452"}],"curies":[{"name":"wp","href":"https:\/\/api.w.org\/{rel}","templated":true}]}}