{"id":440,"date":"2022-10-20T14:53:36","date_gmt":"2022-10-20T12:53:36","guid":{"rendered":"https:\/\/pereg.de\/hemocheck-s\/"},"modified":"2022-11-03T12:39:12","modified_gmt":"2022-11-03T11:39:12","slug":"hemocheck-s","status":"publish","type":"page","link":"https:\/\/pereg.de\/de\/hemocheck-s\/","title":{"rendered":"HemoCheck-S"},"content":{"rendered":"<div class=\"wpb-content-wrapper\"><p>[vc_row][vc_column width=&#8220;1\/2&#8243;][vc_single_image image=&#8220;159&#8243; img_size=&#8220;full&#8220; alignment=&#8220;center&#8220; style=&#8220;vc_box_outline&#8220; onclick=&#8220;img_link_large&#8220; img_link_target=&#8220;_blank&#8220; css_animation=&#8220;fadeIn&#8220; image_hovers=&#8220;false&#8220; css=&#8220;.vc_custom_1666270428547{border-radius: 10px !important;}&#8220;][\/vc_column][vc_column width=&#8220;1\/2&#8243;][vc_column_text]<\/p>\n<h2>HemoCheck-S<\/h2>\n<h4><b>Test Kit zum Nachweis von Blutr\u00fcckst\u00e4nden auf Instrumenten.<br \/>\n<\/b><\/h4>\n<h4><b>Test Methode nach EN ISO 15883. F\u00fcr Routinepr\u00fcfung und Validierung der Reinigungsleistung.<\/b><\/h4>\n<p>[\/vc_column_text]<div class=\"standard-arrow list-divider bullet-top\"><ul>\n<li>Einfach zu handhabender Fertigtest<\/li>\n<li>Keine Fehlinterpretation von Fingerabdr\u00fccken<\/li>\n<li>Sofortige Blauf\u00e4rbung ab 0,1 \u00b5g Blutresten<\/li>\n<li>Weist Blutreste auf chirurgischen Instrumenten nach<\/li>\n<\/ul>\n<\/div>[\/vc_column][\/vc_row][vc_row][vc_column][vc_separator color=&#8220;custom&#8220; accent_color=&#8220;#1ebbf0&#8243;][vc_column_text]<\/p>\n<h3>FUNKTION<\/h3>\n<p>[\/vc_column_text][vc_column_text]HemoCheck-S basiert auf einer Enzymreaktion zum Blutnachweis.<span class=\"Apple-converted-space\"> <\/span><\/p>\n<p>Blut enth\u00e4lt eine gro\u00dfe Menge an Peroxidase, die schon in geringster Menge nachgewiesen werden kann.<span class=\"Apple-converted-space\"> <\/span>[\/vc_column_text][vc_separator color=&#8220;custom&#8220; accent_color=&#8220;#1ebbf0&#8243;][vc_column_text]<\/p>\n<h3>FUNKTION<\/h3>\n<p>[\/vc_column_text][vc_column_text]Weist unl\u00f6sliche Blutprotein-R\u00fcckst\u00e4nde nach. Anders als ein standard Proteintest gibt HemoCheck-S eine 100% klare Aussage, da Blut ein perfekter Marker f\u00fcr ein Hygienerisiko ist![\/vc_column_text][vc_separator color=&#8220;custom&#8220; accent_color=&#8220;#1ebbf0&#8243;][vc_column_text]<\/p>\n<h3>AUSWERTUNG<\/h3>\n<p>[\/vc_column_text][vc_column_text]Eine gr\u00fcn-blaue Verf\u00e4rbung des Testst\u00e4bchens weist Blutreste auf der gepr\u00fcften Fl\u00e4che nach.<\/p>\n<p><em>INFO: Verunreinigte Instrumente sind ein Hygienerisiko und d\u00fcrfen nicht benutzt werden. Instrumente m\u00fcssen frei von jeglicher Anschmutzung sein!<\/em>[\/vc_column_text][vc_separator color=&#8220;custom&#8220; accent_color=&#8220;#1ebbf0&#8243;][\/vc_column][\/vc_row][vc_row][vc_column width=&#8220;1\/2&#8243;][vc_column_text]<\/p>\n<h2>PRODUKTLEITFADEN<\/h2>\n<p>Klicken Sie hier zum Herunterladen:[\/vc_column_text]<div class=\"standard-arrow list-divider bullet-top\"><ul>\n<li><em><a href=\"\/wp-content\/uploads\/IFU-HemoCheck-S-E.pdf\" target=\"_blank\" rel=\"noopener\">Gebrauchsanweisung<\/a><\/em><\/li>\n<li><em><a href=\"\/wp-content\/uploads\/TSG-HemoCheck-S-E.pdf\" target=\"_blank\" rel=\"noopener\">Reinigungsoptimierung<\/a><\/em><\/li>\n<\/ul>\n<\/div>[\/vc_column][vc_column width=&#8220;1\/2&#8243;][vc_single_image image=&#8220;225&#8243; img_size=&#8220;full&#8220;][\/vc_column][\/vc_row]<\/p>\n<\/div>","protected":false},"excerpt":{"rendered":"<p>[vc_row][vc_column width=&#8220;1\/2&#8243;][vc_single_image image=&#8220;159&#8243; img_size=&#8220;full&#8220; alignment=&#8220;center&#8220; style=&#8220;vc_box_outline&#8220; onclick=&#8220;img_link_large&#8220; img_link_target=&#8220;_blank&#8220; css_animation=&#8220;fadeIn&#8220; image_hovers=&#8220;false&#8220; css=&#8220;.vc_custom_1666270428547{border-radius: 10px !important;}&#8220;][\/vc_column][vc_column width=&#8220;1\/2&#8243;][vc_column_text] HemoCheck-S Test Kit zum Nachweis von Blutr\u00fcckst\u00e4nden auf Instrumenten. Test Methode nach EN ISO 15883. F\u00fcr Routinepr\u00fcfung und Validierung der Reinigungsleistung. [\/vc_column_text][\/vc_column][\/vc_row][vc_row][vc_column][vc_separator color=&#8220;custom&#8220; accent_color=&#8220;#1ebbf0&#8243;][vc_column_text] FUNKTION [\/vc_column_text][vc_column_text]HemoCheck-S basiert auf einer Enzymreaktion zum Blutnachweis. Blut enth\u00e4lt eine gro\u00dfe Menge an Peroxidase, die schon&hellip;<\/p>\n","protected":false},"author":1,"featured_media":0,"parent":0,"menu_order":0,"comment_status":"closed","ping_status":"closed","template":"","meta":{"footnotes":""},"class_list":["post-440","page","type-page","status-publish","hentry","description-off"],"_links":{"self":[{"href":"https:\/\/pereg.de\/de\/wp-json\/wp\/v2\/pages\/440","targetHints":{"allow":["GET"]}}],"collection":[{"href":"https:\/\/pereg.de\/de\/wp-json\/wp\/v2\/pages"}],"about":[{"href":"https:\/\/pereg.de\/de\/wp-json\/wp\/v2\/types\/page"}],"author":[{"embeddable":true,"href":"https:\/\/pereg.de\/de\/wp-json\/wp\/v2\/users\/1"}],"replies":[{"embeddable":true,"href":"https:\/\/pereg.de\/de\/wp-json\/wp\/v2\/comments?post=440"}],"version-history":[{"count":5,"href":"https:\/\/pereg.de\/de\/wp-json\/wp\/v2\/pages\/440\/revisions"}],"predecessor-version":[{"id":445,"href":"https:\/\/pereg.de\/de\/wp-json\/wp\/v2\/pages\/440\/revisions\/445"}],"wp:attachment":[{"href":"https:\/\/pereg.de\/de\/wp-json\/wp\/v2\/media?parent=440"}],"curies":[{"name":"wp","href":"https:\/\/api.w.org\/{rel}","templated":true}]}}