{"id":431,"date":"2022-10-24T12:59:31","date_gmt":"2022-10-24T10:59:31","guid":{"rendered":"https:\/\/pereg.de\/hemocheck-e\/"},"modified":"2023-05-03T10:39:20","modified_gmt":"2023-05-03T08:39:20","slug":"hydrocheck-e","status":"publish","type":"page","link":"https:\/\/pereg.de\/de\/hydrocheck-e\/","title":{"rendered":"HydroCheck-E"},"content":{"rendered":"<div class=\"wpb-content-wrapper\"><p>[vc_row][vc_column width=&#8220;1\/2&#8243;][vc_single_image image=&#8220;158&#8243; img_size=&#8220;full&#8220; alignment=&#8220;center&#8220; style=&#8220;vc_box_outline&#8220; onclick=&#8220;img_link_large&#8220; img_link_target=&#8220;_blank&#8220; css_animation=&#8220;fadeIn&#8220; image_hovers=&#8220;false&#8220; css=&#8220;.vc_custom_1666609278480{border-radius: 10px !important;}&#8220;][\/vc_column][vc_column width=&#8220;1\/2&#8243;][vc_column_text]<\/p>\n<h2><span dir=\"ltr\" role=\"presentation\">HydroCheck-E<\/span><\/h2>\n<h4><strong>Test auf Wasserr\u00fcckst\u00e4nde im Endoskopkanal.<\/strong><\/h4>\n<p>[\/vc_column_text]<div class=\"standard-arrow list-divider bullet-top\"><ul>\n<li>Trocknungsnachweis von Endoskopkan\u00e4len<\/li>\n<li>Benutzerfreundlicher Fertigtest<\/li>\n<li>Farbumschlag zu Violett weist Wasserreste nach<\/li>\n<li>Nachweisgrenze von 0.05 \u00b5l Wasser<\/li>\n<li>Sofortiges Ergebnis<\/li>\n<\/ul>\n<\/div>[\/vc_column][\/vc_row][vc_row][vc_column][vc_separator color=&#8220;custom&#8220; accent_color=&#8220;#1ebbf0&#8243;][vc_column_text]<\/p>\n<h3>FUNKTION<\/h3>\n<p>[\/vc_column_text][vc_column_text]HydroCheck-E weist bereits sehr geringe Mengen Wasser im Endoskopkanal nach. Endoskope m\u00fcssen v\u00f6llig trocken gelagert werden! [\/vc_column_text][vc_separator color=&#8220;custom&#8220; accent_color=&#8220;#1ebbf0&#8243;][vc_column_text]<\/p>\n<h3>ANWENDUNG<\/h3>\n<p>[\/vc_column_text][vc_column_text]Vorhandenes Wasser wird durch einen einfachen Test mit einem absorbierenden Pr\u00fcfst\u00e4bchen und einer Farbreaktion nachgewiesen[\/vc_column_text][vc_separator color=&#8220;custom&#8220; accent_color=&#8220;#1ebbf0&#8243;][vc_column_text]<\/p>\n<h3>AUSWERTUNG<\/h3>\n<p>[\/vc_column_text][vc_column_text]Ein violetter Fleck auf dem Pr\u00fcfst\u00e4bchen zeigt vorhandenes Wasser an. Eine gro\u00dfe Menge Wasser kann den ganzen Test verf\u00e4rben.<\/p>\n<p><em>INFO: Wasserr\u00fcckst\u00e4nde in Endoskopen sind ein Hygienerisiko. Feuchtigkeit f\u00fchrt zu Vermehrung von Mikroorganismen. Endoskope m\u00fcssen v\u00f6llig trocken gelagert werden!<\/em>[\/vc_column_text][vc_separator color=&#8220;custom&#8220; accent_color=&#8220;#1ebbf0&#8243;][\/vc_column][\/vc_row][vc_row][vc_column width=&#8220;1\/2&#8243;][vc_column_text]<\/p>\n<h2>PRODUKTLEITFADEN<\/h2>\n<p>Klicken Sie hier zum Herunterladen:[\/vc_column_text]<div class=\"standard-arrow list-divider bullet-top\"><ul>\n<li><em><a href=\"\/wp-content\/uploads\/IFU-HydroCheck-E-E.pdf\" target=\"_blank\" rel=\"noopener\">Gebrauchsanweisung<\/a><\/em><\/li>\n<\/ul>\n<\/div>[\/vc_column][vc_column width=&#8220;1\/2&#8243;][vc_single_image image=&#8220;225&#8243; img_size=&#8220;full&#8220;][\/vc_column][\/vc_row]<\/p>\n<\/div>","protected":false},"excerpt":{"rendered":"<p>[vc_row][vc_column width=&#8220;1\/2&#8243;][vc_single_image image=&#8220;158&#8243; img_size=&#8220;full&#8220; alignment=&#8220;center&#8220; style=&#8220;vc_box_outline&#8220; onclick=&#8220;img_link_large&#8220; img_link_target=&#8220;_blank&#8220; css_animation=&#8220;fadeIn&#8220; image_hovers=&#8220;false&#8220; css=&#8220;.vc_custom_1666609278480{border-radius: 10px !important;}&#8220;][\/vc_column][vc_column width=&#8220;1\/2&#8243;][vc_column_text] HydroCheck-E Test auf Wasserr\u00fcckst\u00e4nde im Endoskopkanal. [\/vc_column_text][\/vc_column][\/vc_row][vc_row][vc_column][vc_separator color=&#8220;custom&#8220; accent_color=&#8220;#1ebbf0&#8243;][vc_column_text] FUNKTION [\/vc_column_text][vc_column_text]HydroCheck-E weist bereits sehr geringe Mengen Wasser im Endoskopkanal nach. Endoskope m\u00fcssen v\u00f6llig trocken gelagert werden! [\/vc_column_text][vc_separator color=&#8220;custom&#8220; accent_color=&#8220;#1ebbf0&#8243;][vc_column_text] ANWENDUNG [\/vc_column_text][vc_column_text]Vorhandenes Wasser wird durch einen einfachen Test mit einem absorbierenden Pr\u00fcfst\u00e4bchen&hellip;<\/p>\n","protected":false},"author":1,"featured_media":0,"parent":0,"menu_order":0,"comment_status":"closed","ping_status":"closed","template":"","meta":{"footnotes":""},"class_list":["post-431","page","type-page","status-publish","hentry","description-off"],"_links":{"self":[{"href":"https:\/\/pereg.de\/de\/wp-json\/wp\/v2\/pages\/431","targetHints":{"allow":["GET"]}}],"collection":[{"href":"https:\/\/pereg.de\/de\/wp-json\/wp\/v2\/pages"}],"about":[{"href":"https:\/\/pereg.de\/de\/wp-json\/wp\/v2\/types\/page"}],"author":[{"embeddable":true,"href":"https:\/\/pereg.de\/de\/wp-json\/wp\/v2\/users\/1"}],"replies":[{"embeddable":true,"href":"https:\/\/pereg.de\/de\/wp-json\/wp\/v2\/comments?post=431"}],"version-history":[{"count":8,"href":"https:\/\/pereg.de\/de\/wp-json\/wp\/v2\/pages\/431\/revisions"}],"predecessor-version":[{"id":570,"href":"https:\/\/pereg.de\/de\/wp-json\/wp\/v2\/pages\/431\/revisions\/570"}],"wp:attachment":[{"href":"https:\/\/pereg.de\/de\/wp-json\/wp\/v2\/media?parent=431"}],"curies":[{"name":"wp","href":"https:\/\/api.w.org\/{rel}","templated":true}]}}