{"id":424,"date":"2022-10-24T13:33:25","date_gmt":"2022-10-24T11:33:25","guid":{"rendered":"https:\/\/pereg.de\/endoswab\/"},"modified":"2022-11-03T12:13:27","modified_gmt":"2022-11-03T11:13:27","slug":"endoswab","status":"publish","type":"page","link":"https:\/\/pereg.de\/de\/endoswab\/","title":{"rendered":"EndoSwab"},"content":{"rendered":"<div class=\"wpb-content-wrapper\"><p>[vc_row][vc_column width=&#8220;1\/2&#8243;][vc_single_image image=&#8220;156&#8243; img_size=&#8220;full&#8220; alignment=&#8220;center&#8220; style=&#8220;vc_box_outline&#8220; onclick=&#8220;img_link_large&#8220; img_link_target=&#8220;_blank&#8220; css_animation=&#8220;fadeIn&#8220; image_hovers=&#8220;false&#8220; css=&#8220;.vc_custom_1666611144660{border-radius: 10px !important;}&#8220;][\/vc_column][vc_column width=&#8220;1\/2&#8243;][vc_column_text]<\/p>\n<h2>Endo Swab<\/h2>\n<h4><b>Hochleistungs \u2013 Reinigungs \u2013 und Testb\u00fcrste f\u00fcr flexible Endoskope<\/b><\/h4>\n<p>[\/vc_column_text]<div class=\"standard-arrow list-divider bullet-top\"><ul>\n<li>Starke Reinigungsleistung f\u00fcr Endoskopkan\u00e4le<\/li>\n<li>In 4 Gr\u00f6\u00dfen:<\/li>\n<li>1,7mm, 2,8mm, 3,8mm und 5,0mm erh\u00e4ltlich Bis 2,3 Meter lang<\/li>\n<li>Mit Pyromol-E anwendbar<\/li>\n<\/ul>\n<\/div>[\/vc_column][\/vc_row][vc_row][vc_column][vc_separator color=&#8220;custom&#8220; accent_color=&#8220;#1ebbf0&#8243;][vc_column_text]<\/p>\n<h3>FUNKTION<\/h3>\n<p>[\/vc_column_text][vc_column_text]Endoswabs basieren auf stark absorbierenden Polyesterfasern, die zu einer Endoskopb\u00fcrste verarbeitet werden.<\/p>\n<p>EndoSwab absorbiert und transportiert Schmutz aus dem Kanal, w\u00e4hrend Nylonborsten leicht durch schleimige Ablagerungen gleiten.[\/vc_column_text][vc_separator color=&#8220;custom&#8220; accent_color=&#8220;#1ebbf0&#8243;][vc_column_text]<\/p>\n<h3>ANWENDUNG<\/h3>\n<p>[\/vc_column_text][vc_column_text]Endoswabs werden f\u00fcr die manuelle Vorreinigung flexibler Endoskope und zum Testen auf Sauberkeit der Kan\u00e4le verwendet.<\/p>\n<p>In 4 Gr\u00f6\u00dfen, f\u00fcr die Verwendung in 1,5mm \u2013 5,0mm Kan\u00e4len, erh\u00e4ltlich.<\/p>\n<p><em>HINWEIS: Verunreinigte Instrumente sind ein Hygienerisiko und d\u00fcrfen nicht benutzt werden. Instrumente m\u00fcssen frei von jeglicher Anschmutzung sein!<\/em>[\/vc_column_text][vc_separator color=&#8220;custom&#8220; accent_color=&#8220;#1ebbf0&#8243;][\/vc_column][\/vc_row][vc_row][vc_column width=&#8220;1\/2&#8243;][vc_column_text]<\/p>\n<h2>PRODUKTLEITFADEN<\/h2>\n<p>Klicken Sie hier zum Herunterladen:[\/vc_column_text]<div class=\"standard-arrow list-divider bullet-top\"><ul>\n<li><em><a href=\"\/wp-content\/uploads\/IFU-Endoswab-E.pdf\" target=\"_blank\" rel=\"noopener\">Gebrauchsanweisung<\/a><\/em><\/li>\n<\/ul>\n<\/div>[\/vc_column][vc_column width=&#8220;1\/2&#8243;][vc_single_image image=&#8220;225&#8243; img_size=&#8220;full&#8220;][\/vc_column][\/vc_row]<\/p>\n<\/div>","protected":false},"excerpt":{"rendered":"<p>[vc_row][vc_column width=&#8220;1\/2&#8243;][vc_single_image image=&#8220;156&#8243; img_size=&#8220;full&#8220; alignment=&#8220;center&#8220; style=&#8220;vc_box_outline&#8220; onclick=&#8220;img_link_large&#8220; img_link_target=&#8220;_blank&#8220; css_animation=&#8220;fadeIn&#8220; image_hovers=&#8220;false&#8220; css=&#8220;.vc_custom_1666611144660{border-radius: 10px !important;}&#8220;][\/vc_column][vc_column width=&#8220;1\/2&#8243;][vc_column_text] Endo Swab Hochleistungs \u2013 Reinigungs \u2013 und Testb\u00fcrste f\u00fcr flexible Endoskope [\/vc_column_text][\/vc_column][\/vc_row][vc_row][vc_column][vc_separator color=&#8220;custom&#8220; accent_color=&#8220;#1ebbf0&#8243;][vc_column_text] FUNKTION [\/vc_column_text][vc_column_text]Endoswabs basieren auf stark absorbierenden Polyesterfasern, die zu einer Endoskopb\u00fcrste verarbeitet werden. EndoSwab absorbiert und transportiert Schmutz aus dem Kanal, w\u00e4hrend Nylonborsten leicht durch schleimige Ablagerungen&hellip;<\/p>\n","protected":false},"author":1,"featured_media":0,"parent":0,"menu_order":0,"comment_status":"closed","ping_status":"closed","template":"","meta":{"footnotes":""},"class_list":["post-424","page","type-page","status-publish","hentry","description-off"],"_links":{"self":[{"href":"https:\/\/pereg.de\/de\/wp-json\/wp\/v2\/pages\/424","targetHints":{"allow":["GET"]}}],"collection":[{"href":"https:\/\/pereg.de\/de\/wp-json\/wp\/v2\/pages"}],"about":[{"href":"https:\/\/pereg.de\/de\/wp-json\/wp\/v2\/types\/page"}],"author":[{"embeddable":true,"href":"https:\/\/pereg.de\/de\/wp-json\/wp\/v2\/users\/1"}],"replies":[{"embeddable":true,"href":"https:\/\/pereg.de\/de\/wp-json\/wp\/v2\/comments?post=424"}],"version-history":[{"count":5,"href":"https:\/\/pereg.de\/de\/wp-json\/wp\/v2\/pages\/424\/revisions"}],"predecessor-version":[{"id":429,"href":"https:\/\/pereg.de\/de\/wp-json\/wp\/v2\/pages\/424\/revisions\/429"}],"wp:attachment":[{"href":"https:\/\/pereg.de\/de\/wp-json\/wp\/v2\/media?parent=424"}],"curies":[{"name":"wp","href":"https:\/\/api.w.org\/{rel}","templated":true}]}}